{"id":120,"date":"2024-03-09T15:24:59","date_gmt":"2024-03-09T14:24:59","guid":{"rendered":"https:\/\/papers.quimedia.org\/?page_id=120"},"modified":"2024-03-09T15:24:59","modified_gmt":"2024-03-09T14:24:59","slug":"consignes-aux-auteurs","status":"publish","type":"page","link":"https:\/\/papers.quimedia.org\/index.php\/consignes-aux-auteurs\/","title":{"rendered":"Consignes aux auteurs"},"content":{"rendered":"<p style=\"font-weight: 400;\"><strong>Normes typographiques<\/strong><\/p>\n<p style=\"font-weight: 400;\">\n<p style=\"font-weight: 400;\">Les auteurs doivent appliquer les normes typographiques suivantes\u00a0:<\/p>\n<ol>\n<li>La taille des articles doit \u00eatre comprise entre 25 000 et 40 000 signes (espaces et notes compris).<\/li>\n<li>Le texte est fourni \u00e0 la r\u00e9daction en version Word, en police de caract\u00e8res \u00ab\u00a0times new roman\u00a0\u00bb, taille 12, interligne 1.5.<\/li>\n<li>Saisir les titres de parties en caract\u00e8res gras et ceux des sous-parties (le cas \u00e9ch\u00e9ant) en italiques.<\/li>\n<li>Les majuscules sont accentu\u00e9es (TH\u00c9OLOGIE et non THEOLOGIE)<\/li>\n<li>Saisir en italique :<\/li>\n<\/ol>\n<ul>\n<li>les mots que l\u2019on veut exceptionnellement faire ressortir ;<\/li>\n<li>les expressions latines et les mots \u00e9trangers ;<\/li>\n<li>les titres d\u2019ouvrages, de revues ou d\u2019\u0153uvres d\u2019art.<\/li>\n<\/ul>\n<ol start=\"6\">\n<li>Les citations courtes sont saisies dans le corps du texte, en caract\u00e8res droits, entre guillemets (\u00ab \u00bb). Les citations en langue \u00e9trang\u00e8re sont saisies en italique, entre guillemets, avec une traduction fran\u00e7aise en bas de page. Les citations longues sont pr\u00e9sent\u00e9es en paragraphe isol\u00e9, en retrait, en taille 11, sans guillemets.<\/li>\n<li>La ponctuation : appliquer des espaces ins\u00e9cables :<\/li>\n<\/ol>\n<ul>\n<li>avant : ! ; \u00bb<\/li>\n<li>apr\u00e8s \u00ab<\/li>\n<li>avant et apr\u00e8s l\u2019espacement pour les nombres, les pourcentages, les si\u00e8cles (ex. : 2 320, 35 %, XIX<sup>e<\/sup> si\u00e8cle)<\/li>\n<li>entre les pr\u00e9noms de souverains et les chiffres romains (ex. : Charles VII)<\/li>\n<li>entre p. et les num\u00e9ros de page (ex : p. 27-39)<\/li>\n<li>pas de blanc : apr\u00e8s les parenth\u00e8ses et crochets ouverts\u00a0([ et avant les parenth\u00e8ses et crochets ferm\u00e9s )]<\/li>\n<\/ul>\n<p style=\"font-weight: 400;\">\n<ol start=\"8\">\n<li>Exposant : \u00c9crire XV<sup>e <\/sup>si\u00e8cle et non XVe si\u00e8cle ou XV<sup>\u00e8me <\/sup>si\u00e8cle<\/li>\n<\/ol>\n<p style=\"font-weight: 400;\">\n<ol start=\"9\">\n<li>Place de l\u2019appel de note.<\/li>\n<\/ol>\n<p style=\"font-weight: 400;\">L\u2019appel de note se place avant tout signe de ponctuation. Exemples :<\/p>\n<ul>\n<li>Comment placer un appel de note<sup>1<\/sup> ?<\/li>\n<li>L\u2019appel de note est bien plac\u00e9<sup>2<\/sup>.<\/li>\n<li>On me dit souvent : \u00ab Placez correctement votre appel de note<sup>3<\/sup>. \u00bb<\/li>\n<\/ul>\n<p style=\"font-weight: 400;\">\n<p style=\"font-weight: 400;\"><strong>Notes bibliographiques<\/strong><\/p>\n<p style=\"font-weight: 400;\">\n<p style=\"font-weight: 400;\">Les notes bibliographiques ou infrapaginales, ou encore notes de bas de page, sont signal\u00e9es par des appels de notes et se r\u00e9f\u00e8rent soit \u00e0 une citation incluse dans le texte, soit \u00e0 un document venant \u00e0 l&#8217;appui d&#8217;une partie du texte. La ou (les pages) concern\u00e9e est indiqu\u00e9e en fin de note (exemple\u00a0: p. 2., ou p.1-5. Ne pas utiliser \u00ab\u00a0pp.\u00a0\u00bb pour plusieurs pages).<\/p>\n<p style=\"font-weight: 400;\">\n<p style=\"font-weight: 400;\">Les notes infrapaginales sont num\u00e9rot\u00e9es en continu et saisies en taille 10. Pour les r\u00e9f\u00e9rences bibliographiques, les auteurs les pr\u00e9senteront de la fa\u00e7on suivante :<\/p>\n<ul>\n<li>pr\u00e9nom et nom de l\u2019auteur en toutes lettres, en bas de casse (sauf l\u2019initiale en capitale)\u00a0; titre de l\u2019ouvrage en italique ; tome ou volume ; lieu et maison d\u2019\u00e9dition ; date d\u2019\u00e9dition ; pages (p.).<\/li>\n<li>Exemple : Malick W. Ghachem, <em>L\u2019Ancien R\u00e9gime et la r\u00e9volution ha\u00eftienne<\/em>, Paris, Karthala, 2022, p. 10.<\/li>\n<li>pour les articles de revue : pr\u00e9nom et nom de l\u2019auteur, titre de l\u2019article entre guillemets, directement suivi, apr\u00e8s une virgule (sans \u00ab dans \u00bb ou \u00ab in \u00bb), du titre de la revue en italique ; tome, num\u00e9ro ou volume ; ann\u00e9e ; pages.<\/li>\n<li>Exemple : Jean Fritzner Etienne, \u00ab L\u2019\u00c9glise et la r\u00e9volution des esclaves \u00e0 Saint-Domingue (1791-1804) \u00bb, <em>Histoire, Monde et cultures religieuses<\/em>, N\u00b0 29, mars 2014, p. 15-32.<\/li>\n<li>Camus Michel, \u00ab\u00a0Au d\u00e9but des Fran\u00e7ais \u00e0 la Guadeloupe. Lettre du P. P\u00e9lican au P. Carr\u00e9 (18 ao\u00fbt 1635)\u00a0\u00bb, <em>Bulletin de la Soci\u00e9t\u00e9 d\u2019Histoire de la Guadeloupe,<\/em> n\u00b0\u00a052, coll. \u00ab\u00a0Revue d\u2019histoire coloniale\u00a0\u00bb, n\u00b0\u00a0216, 1982, p.\u00a05-194) Les r\u00e9f\u00e9rences bibliographiques : deux techniques<\/li>\n<\/ul>\n<p style=\"font-weight: 400;\">\n<ul>\n<li>dans les cas d\u2019ouvrages collectifs, la m\u00eame pr\u00e9sentation que pour un article de revue sera adopt\u00e9e, mais le titre de l\u2019article sera suivi de \u00ab dans \u00bb ou \u00ab in \u00bb, du pr\u00e9nom et du nom de l\u2019\u00e9diteur scientifique (en bas de casse, sauf l\u2019initiale en capitales), suivis de (dir.) puis du titre de l\u2019ouvrage en italique. Exemple :<\/li>\n<li>Pierre Berthiaume, \u00ab\u00a0Babel, L\u2019Am\u00e9rique et les J\u00e9suites\u00a0\u00bb, in Frank Lestringant (dir.), <em>La France-Am\u00e9rique, xvi<sup>e<\/sup>-xviii<sup>e<\/sup> si\u00e8cles. Actes du colloque international d\u2019\u00e9tudes humanistes<\/em>, Paris, Champion, 1998, p.\u00a0341-354<\/li>\n<\/ul>\n<p style=\"font-weight: 400;\">\n<p style=\"font-weight: 400;\"><strong>R\u00e9f\u00e9rences successives au m\u00eame document :<\/strong><\/p>\n<p style=\"font-weight: 400;\">\n<ul>\n<li>Si la r\u00e9f\u00e9rence a \u00e9t\u00e9 donn\u00e9e dans la note de bas de page pr\u00e9c\u00e9dant imm\u00e9diatement celle-ci, utiliser <em>Ibid<\/em>. (pour ibidem : ici m\u00eame) pour remplacer la r\u00e9f\u00e9rence compl\u00e8te de l&#8217;ouvrage.<\/li>\n<\/ul>\n<p style=\"font-weight: 400;\">Ex.\u00a0: <em>Ibid<\/em>., p. 10\u00a0; <em>Ibid<\/em>., p. 40-87.<\/p>\n<ul>\n<li>Si la r\u00e9f\u00e9rence pr\u00e9c\u00e9dente est s\u00e9par\u00e9e de quelques notes de bas de page, utiliser <em> cit<\/em>. (\u0152uvre cit\u00e9e), suivi de la page pr\u00e9cise.<\/li>\n<\/ul>\n<p style=\"font-weight: 400;\">Ex. Sigmund Freud, <em>Inhibition, sympt\u00f4me et angoisse<\/em>, <em>op. cit<\/em>., p. 28.<\/p>\n<ul>\n<li>S\u2019il s\u2019agit d\u2019un article, on remplacera op. cit. par art. cit. (en caract\u00e8res droits)<\/li>\n<li>S\u2019il ne s\u2019agit pas du m\u00eame livre mais du m\u00eame auteur que celui de la note imm\u00e9diatement pr\u00e9c\u00e9dente, \u00e9crire Id. (en caract\u00e8res droits) en lieu et place de l\u2019auteur.<\/li>\n<li>Ne pas utiliser cf. dans les notes. Utiliser de pr\u00e9f\u00e9rence \u00ab voir \u00bb (en toutes lettres).<\/li>\n<\/ul>\n<p style=\"font-weight: 400;\">\n<p style=\"font-weight: 400;\"><strong>Liens Internet<\/strong><\/p>\n<p style=\"font-weight: 400;\"><strong>\u00a0<\/strong><\/p>\n<ul>\n<li>V\u00e9rifier que les liens Internet sont bien valides, leur long\u00e9vit\u00e9 n\u2019\u00e9tant pas toujours garantie. Il est inutile de sp\u00e9cifier \u00ab en ligne \u00bb.<\/li>\n<li>Composer les liens entre crochets<\/li>\n<\/ul>\n<p style=\"font-weight: 400;\">\n<p style=\"font-weight: 400;\"><strong>Les crochets<\/strong><\/p>\n<p style=\"font-weight: 400;\">\n<p style=\"font-weight: 400;\">Ils sont employ\u00e9s dans les cas suivants :<\/p>\n<ul>\n<li>Les coupures au sein d\u2019une citation ou d\u2019un commentaire. Ex. : \u00ab citation [\u2026] citation\u00a0\u00bb\u00a0;<\/li>\n<li>Les dates d\u2019\u00e9dition estim\u00e9es par l\u2019auteur. Ex. : Barr\u00e9 de Saint-Venant, Titre du livre, Paris, s. d. [1920] ;<\/li>\n<li>parenth\u00e8ses incluses dans des parenth\u00e8ses. Ex. : (Dupont M. [dir.], Titre du livre, Rennes, Presses universitaires de Rennes, 2010) ;<\/li>\n<li>parenth\u00e8ses suivies de parenth\u00e8ses (les secondes parenth\u00e8ses se transforment alors en crochets). Ex. : texte (texte) [texte]<\/li>\n<li>les adresses des sites Internet. Ex. : [papers.quimedia.org].<\/li>\n<\/ul>\n<p style=\"font-weight: 400;\">\n<p style=\"font-weight: 400;\"><strong>Abr\u00e9viations <\/strong><\/p>\n<p style=\"font-weight: 400;\">\n<ul>\n<li>Folio : fol.<\/li>\n<li>Volume : vol.<\/li>\n<li>Tome : t.<\/li>\n<li>Manuscrit : ms (sans point), mss (pluriel)<\/li>\n<li>Collection : coll.<\/li>\n<li>Pas de points entre les lettres. Ex. : MENFP<\/li>\n<li>1<sup>er<\/sup>, 1<sup>re<\/sup>, 2<sup>e<\/sup>, 3<sup>e<\/sup> (non pas \u00ab 1<sup>ier<\/sup>, 1<sup>\u00e8re<\/sup>, 2<sup>\u00e8me<\/sup>, 3<sup>i\u00e8me<\/sup> \u00bb)<\/li>\n<li>Chapitre : chap. IV<\/li>\n<li>Feuillet\u00a0: f.<\/li>\n<li>(non pas \u00ab pp. \u00bb)<\/li>\n<li>\u00e9d. (\u00e9diteur, \u00e9dition) [non pas \u00ab eds. \u00bb]<\/li>\n<li>(non pas \u00ab etc\u2026 \u00bb)<\/li>\n<li>ro (recto) ; vo (verso)<\/li>\n<li>D<sup>r<\/sup>, M<sup>gr<\/sup>, M<sup>me<\/sup>, M<sup>lle<\/sup>, P<sup>r<\/sup><\/li>\n<li><\/li>\n<\/ul>\n<p style=\"font-weight: 400;\"><strong>R\u00e9sum\u00e9 et notice bio-bibliographique<\/strong><\/p>\n<p style=\"font-weight: 400;\">\n<p style=\"font-weight: 400;\">Les auteurs fourniront obligatoirement avec leur article, aux fins d\u2019\u00e9dition :<\/p>\n<p style=\"font-weight: 400;\">\u2013 un r\u00e9sum\u00e9 en fran\u00e7ais et en anglais d\u2019une dizaine de lignes maximum<\/p>\n<p style=\"font-weight: 400;\">\u2013 une notice biographique de 2 lignes environ o\u00f9 ils pr\u00e9sentent leur statut en tant que chercheur et leur institution de rattachement.<\/p>\n<p style=\"font-weight: 400;\">\u2013 5 \u00e0 6 mots cl\u00e9s en fran\u00e7ais, et traduits en anglais. Ces mots-cl\u00e9s doivent prendre en compte la p\u00e9riode chronologique et la zone g\u00e9ographique \u00e9tudi\u00e9es.<\/p>\n<p style=\"font-weight: 400;\">\n<p style=\"font-weight: 400;\"><strong>Illustrations, cartes et tableaux<\/strong><\/p>\n<p style=\"font-weight: 400;\">\n<p style=\"font-weight: 400;\">Les auteurs doivent v\u00e9rifier que les images soumises sont libres de droits de reproduction. Ces images sont fournies en fichiers s\u00e9par\u00e9s, au format PDF ou JPEG. Sont aussi indiqu\u00e9s l\u2019emplacement souhait\u00e9 dans le texte, la l\u00e9gende et la source de l\u2019image.<\/p>\n","protected":false},"excerpt":{"rendered":"<p>Normes typographiques Les auteurs doivent appliquer les normes typographiques suivantes\u00a0: La taille des articles doit \u00eatre comprise entre 25 000 et 40 000 signes (espaces et notes compris). Le texte est fourni \u00e0 la r\u00e9daction en version Word, en police de caract\u00e8res \u00ab\u00a0times new roman\u00a0\u00bb, taille 12, interligne 1.5. Saisir les titres de parties en &#8230; <a title=\"Consignes aux auteurs\" class=\"read-more\" href=\"https:\/\/papers.quimedia.org\/index.php\/consignes-aux-auteurs\/\" aria-label=\"Read more about Consignes aux auteurs\">Read more<\/a><\/p>\n","protected":false},"author":1,"featured_media":0,"parent":0,"menu_order":0,"comment_status":"closed","ping_status":"closed","template":"","meta":{"footnotes":""},"yoast_head":"<!-- This site is optimized with the Yoast SEO plugin v22.0 - https:\/\/yoast.com\/wordpress\/plugins\/seo\/ -->\n<title>Consignes aux auteurs -<\/title>\n<meta name=\"robots\" content=\"index, follow, max-snippet:-1, max-image-preview:large, max-video-preview:-1\" \/>\n<link rel=\"canonical\" href=\"https:\/\/papers.quimedia.org\/index.php\/consignes-aux-auteurs\/\" \/>\n<meta property=\"og:locale\" content=\"en_GB\" \/>\n<meta property=\"og:type\" content=\"article\" \/>\n<meta property=\"og:title\" content=\"Consignes aux auteurs -\" \/>\n<meta property=\"og:description\" content=\"Normes typographiques Les auteurs doivent appliquer les normes typographiques suivantes\u00a0: La taille des articles doit \u00eatre comprise entre 25 000 et 40 000 signes (espaces et notes compris). Le texte est fourni \u00e0 la r\u00e9daction en version Word, en police de caract\u00e8res \u00ab\u00a0times new roman\u00a0\u00bb, taille 12, interligne 1.5. Saisir les titres de parties en ... Read more\" \/>\n<meta property=\"og:url\" content=\"https:\/\/papers.quimedia.org\/index.php\/consignes-aux-auteurs\/\" \/>\n<meta property=\"article:publisher\" content=\"https:\/\/facebook\/quimediapapers\" \/>\n<meta name=\"twitter:card\" content=\"summary_large_image\" \/>\n<meta name=\"twitter:label1\" content=\"Estimated reading time\" \/>\n\t<meta name=\"twitter:data1\" content=\"6 minutes\" \/>\n<script type=\"application\/ld+json\" class=\"yoast-schema-graph\">{\"@context\":\"https:\/\/schema.org\",\"@graph\":[{\"@type\":\"WebPage\",\"@id\":\"https:\/\/papers.quimedia.org\/index.php\/consignes-aux-auteurs\/\",\"url\":\"https:\/\/papers.quimedia.org\/index.php\/consignes-aux-auteurs\/\",\"name\":\"Consignes aux auteurs -\",\"isPartOf\":{\"@id\":\"https:\/\/papers.quimedia.org\/#website\"},\"datePublished\":\"2024-03-09T14:24:59+00:00\",\"dateModified\":\"2024-03-09T14:24:59+00:00\",\"breadcrumb\":{\"@id\":\"https:\/\/papers.quimedia.org\/index.php\/consignes-aux-auteurs\/#breadcrumb\"},\"inLanguage\":\"en-GB\",\"potentialAction\":[{\"@type\":\"ReadAction\",\"target\":[\"https:\/\/papers.quimedia.org\/index.php\/consignes-aux-auteurs\/\"]}]},{\"@type\":\"BreadcrumbList\",\"@id\":\"https:\/\/papers.quimedia.org\/index.php\/consignes-aux-auteurs\/#breadcrumb\",\"itemListElement\":[{\"@type\":\"ListItem\",\"position\":1,\"name\":\"Accueil\",\"item\":\"https:\/\/papers.quimedia.org\/\"},{\"@type\":\"ListItem\",\"position\":2,\"name\":\"Consignes aux auteurs\"}]},{\"@type\":\"WebSite\",\"@id\":\"https:\/\/papers.quimedia.org\/#website\",\"url\":\"https:\/\/papers.quimedia.org\/\",\"name\":\"\",\"description\":\"\",\"potentialAction\":[{\"@type\":\"SearchAction\",\"target\":{\"@type\":\"EntryPoint\",\"urlTemplate\":\"https:\/\/papers.quimedia.org\/?s={search_term_string}\"},\"query-input\":\"required name=search_term_string\"}],\"inLanguage\":\"en-GB\"}]}<\/script>\n<!-- \/ Yoast SEO plugin. -->","yoast_head_json":{"title":"Consignes aux auteurs -","robots":{"index":"index","follow":"follow","max-snippet":"max-snippet:-1","max-image-preview":"max-image-preview:large","max-video-preview":"max-video-preview:-1"},"canonical":"https:\/\/papers.quimedia.org\/index.php\/consignes-aux-auteurs\/","og_locale":"en_GB","og_type":"article","og_title":"Consignes aux auteurs -","og_description":"Normes typographiques Les auteurs doivent appliquer les normes typographiques suivantes\u00a0: La taille des articles doit \u00eatre comprise entre 25 000 et 40 000 signes (espaces et notes compris). Le texte est fourni \u00e0 la r\u00e9daction en version Word, en police de caract\u00e8res \u00ab\u00a0times new roman\u00a0\u00bb, taille 12, interligne 1.5. Saisir les titres de parties en ... Read more","og_url":"https:\/\/papers.quimedia.org\/index.php\/consignes-aux-auteurs\/","article_publisher":"https:\/\/facebook\/quimediapapers","twitter_card":"summary_large_image","twitter_misc":{"Estimated reading time":"6 minutes"},"schema":{"@context":"https:\/\/schema.org","@graph":[{"@type":"WebPage","@id":"https:\/\/papers.quimedia.org\/index.php\/consignes-aux-auteurs\/","url":"https:\/\/papers.quimedia.org\/index.php\/consignes-aux-auteurs\/","name":"Consignes aux auteurs -","isPartOf":{"@id":"https:\/\/papers.quimedia.org\/#website"},"datePublished":"2024-03-09T14:24:59+00:00","dateModified":"2024-03-09T14:24:59+00:00","breadcrumb":{"@id":"https:\/\/papers.quimedia.org\/index.php\/consignes-aux-auteurs\/#breadcrumb"},"inLanguage":"en-GB","potentialAction":[{"@type":"ReadAction","target":["https:\/\/papers.quimedia.org\/index.php\/consignes-aux-auteurs\/"]}]},{"@type":"BreadcrumbList","@id":"https:\/\/papers.quimedia.org\/index.php\/consignes-aux-auteurs\/#breadcrumb","itemListElement":[{"@type":"ListItem","position":1,"name":"Accueil","item":"https:\/\/papers.quimedia.org\/"},{"@type":"ListItem","position":2,"name":"Consignes aux auteurs"}]},{"@type":"WebSite","@id":"https:\/\/papers.quimedia.org\/#website","url":"https:\/\/papers.quimedia.org\/","name":"","description":"","potentialAction":[{"@type":"SearchAction","target":{"@type":"EntryPoint","urlTemplate":"https:\/\/papers.quimedia.org\/?s={search_term_string}"},"query-input":"required name=search_term_string"}],"inLanguage":"en-GB"}]}},"_links":{"self":[{"href":"https:\/\/papers.quimedia.org\/index.php\/wp-json\/wp\/v2\/pages\/120"}],"collection":[{"href":"https:\/\/papers.quimedia.org\/index.php\/wp-json\/wp\/v2\/pages"}],"about":[{"href":"https:\/\/papers.quimedia.org\/index.php\/wp-json\/wp\/v2\/types\/page"}],"author":[{"embeddable":true,"href":"https:\/\/papers.quimedia.org\/index.php\/wp-json\/wp\/v2\/users\/1"}],"replies":[{"embeddable":true,"href":"https:\/\/papers.quimedia.org\/index.php\/wp-json\/wp\/v2\/comments?post=120"}],"version-history":[{"count":1,"href":"https:\/\/papers.quimedia.org\/index.php\/wp-json\/wp\/v2\/pages\/120\/revisions"}],"predecessor-version":[{"id":122,"href":"https:\/\/papers.quimedia.org\/index.php\/wp-json\/wp\/v2\/pages\/120\/revisions\/122"}],"wp:attachment":[{"href":"https:\/\/papers.quimedia.org\/index.php\/wp-json\/wp\/v2\/media?parent=120"}],"curies":[{"name":"wp","href":"https:\/\/api.w.org\/{rel}","templated":true}]}}